{"id":4,"date":"2012-12-26T16:23:02","date_gmt":"2012-12-26T15:23:02","guid":{"rendered":"http:\/\/www.kingdom.de\/cms\/?page_id=4"},"modified":"2012-12-26T18:32:41","modified_gmt":"2012-12-26T17:32:41","slug":"home","status":"publish","type":"page","link":"https:\/\/www.kingdom.de\/cms\/","title":{"rendered":"Home"},"content":{"rendered":"<p>Lieber Tongafreund !<\/p>\n<p>Hier kannst Du die wichtigsten Informationen \u00fcber Tonga abrufen:<br \/>\nEinfach in der oberen Men\u00fcleiste Seite die Stichw\u00f6rter anklicken und los geht\u00b4s !<\/p>\n<p>&#8230;Viele Besucher bem\u00e4ngeln, da\u00df sich zu wenig Bilder in meinem Archiv befinden. Wenn ihr Fotos in digitalisierter Form von Tonga habt und hier zur Verf\u00fcgung stellen m\u00f6chtet, nehmt Kontakt mit mir auf !<\/p>\n","protected":false},"excerpt":{"rendered":"<p>Lieber Tongafreund ! Hier kannst Du die wichtigsten Informationen \u00fcber Tonga abrufen: Einfach in der oberen Men\u00fcleiste Seite die Stichw\u00f6rter anklicken und los geht\u00b4s ! &#8230;Viele Besucher bem\u00e4ngeln, da\u00df sich zu wenig Bilder in meinem Archiv befinden. Wenn ihr Fotos in digitalisierter Form von Tonga habt und hier zur Verf\u00fcgung stellen m\u00f6chtet, nehmt Kontakt mit [&hellip;]<\/p>\n","protected":false},"author":1,"featured_media":0,"parent":0,"menu_order":0,"comment_status":"closed","ping_status":"closed","template":"","meta":{"footnotes":""},"class_list":["post-4","page","type-page","status-publish","hentry"],"_links":{"self":[{"href":"https:\/\/www.kingdom.de\/cms\/wp-json\/wp\/v2\/pages\/4","targetHints":{"allow":["GET"]}}],"collection":[{"href":"https:\/\/www.kingdom.de\/cms\/wp-json\/wp\/v2\/pages"}],"about":[{"href":"https:\/\/www.kingdom.de\/cms\/wp-json\/wp\/v2\/types\/page"}],"author":[{"embeddable":true,"href":"https:\/\/www.kingdom.de\/cms\/wp-json\/wp\/v2\/users\/1"}],"replies":[{"embeddable":true,"href":"https:\/\/www.kingdom.de\/cms\/wp-json\/wp\/v2\/comments?post=4"}],"version-history":[{"count":3,"href":"https:\/\/www.kingdom.de\/cms\/wp-json\/wp\/v2\/pages\/4\/revisions"}],"predecessor-version":[{"id":66,"href":"https:\/\/www.kingdom.de\/cms\/wp-json\/wp\/v2\/pages\/4\/revisions\/66"}],"wp:attachment":[{"href":"https:\/\/www.kingdom.de\/cms\/wp-json\/wp\/v2\/media?parent=4"}],"curies":[{"name":"wp","href":"https:\/\/api.w.org\/{rel}","templated":true}]}}