{"id":33,"date":"2012-12-26T17:56:52","date_gmt":"2012-12-26T16:56:52","guid":{"rendered":"http:\/\/www.kingdom.de\/cms\/?page_id=33"},"modified":"2012-12-30T14:58:46","modified_gmt":"2012-12-30T13:58:46","slug":"kosten","status":"publish","type":"page","link":"https:\/\/www.kingdom.de\/cms\/home\/informationen\/kosten","title":{"rendered":"Kosten"},"content":{"rendered":"<p>Zuerst sollte man sich verinnerlichen, da\u00df Tonga ein Inselstaat ist: Alles, was nicht selbst produziert werden kann, mu\u00df importiert werden.<br \/>\nDadurch, da\u00df die gro\u00dfen Zentren von Tonga so weit entfernt sind, ist alles, was importiert wird, sehr teuer.<\/p>\n<p>Als Faustregel gilt: Der Preis ist \u00e4quivalent zum deutschen, allerdings mit dem wichtigen Unterschied, da\u00df man in TON$ rechnen mu\u00df !<\/p>\n<p>Stand Dezember 2012: Ein Euro entspricht 2,28 TOP (Tonga-Dollar)<\/p>\n<h6><em>&#8230;&#8230;&#8230;&#8230;..Zur Zeit (Juni 2001) ist eine DM = 0,9285 TON$ wert.<\/em><\/h6>\n","protected":false},"excerpt":{"rendered":"<p>Zuerst sollte man sich verinnerlichen, da\u00df Tonga ein Inselstaat ist: Alles, was nicht selbst produziert werden kann, mu\u00df importiert werden. Dadurch, da\u00df die gro\u00dfen Zentren von Tonga so weit entfernt sind, ist alles, was importiert wird, sehr teuer. Als Faustregel gilt: Der Preis ist \u00e4quivalent zum deutschen, allerdings mit dem wichtigen Unterschied, da\u00df man in [&hellip;]<\/p>\n","protected":false},"author":1,"featured_media":0,"parent":12,"menu_order":9,"comment_status":"closed","ping_status":"closed","template":"","meta":{"footnotes":""},"class_list":["post-33","page","type-page","status-publish","hentry"],"_links":{"self":[{"href":"https:\/\/www.kingdom.de\/cms\/wp-json\/wp\/v2\/pages\/33","targetHints":{"allow":["GET"]}}],"collection":[{"href":"https:\/\/www.kingdom.de\/cms\/wp-json\/wp\/v2\/pages"}],"about":[{"href":"https:\/\/www.kingdom.de\/cms\/wp-json\/wp\/v2\/types\/page"}],"author":[{"embeddable":true,"href":"https:\/\/www.kingdom.de\/cms\/wp-json\/wp\/v2\/users\/1"}],"replies":[{"embeddable":true,"href":"https:\/\/www.kingdom.de\/cms\/wp-json\/wp\/v2\/comments?post=33"}],"version-history":[{"count":5,"href":"https:\/\/www.kingdom.de\/cms\/wp-json\/wp\/v2\/pages\/33\/revisions"}],"predecessor-version":[{"id":129,"href":"https:\/\/www.kingdom.de\/cms\/wp-json\/wp\/v2\/pages\/33\/revisions\/129"}],"up":[{"embeddable":true,"href":"https:\/\/www.kingdom.de\/cms\/wp-json\/wp\/v2\/pages\/12"}],"wp:attachment":[{"href":"https:\/\/www.kingdom.de\/cms\/wp-json\/wp\/v2\/media?parent=33"}],"curies":[{"name":"wp","href":"https:\/\/api.w.org\/{rel}","templated":true}]}}