{"id":31,"date":"2012-12-26T17:55:29","date_gmt":"2012-12-26T16:55:29","guid":{"rendered":"http:\/\/www.kingdom.de\/cms\/?page_id=31"},"modified":"2012-12-28T17:31:17","modified_gmt":"2012-12-28T16:31:17","slug":"reiseunterlagen","status":"publish","type":"page","link":"https:\/\/www.kingdom.de\/cms\/home\/informationen\/reiseunterlagen","title":{"rendered":"Reiseunterlagen"},"content":{"rendered":"<p><span style=\"color: black;\"> Die Einreise gestaltet sich sehr unproblematisch solange man einen g\u00fcltigen Pa\u00df und ein Weiterflug-Ticket dabei hat.<br \/>\nDie allgemeinen Bestimmungen besagen, da\u00df man dann eine Aufenthaltserlaubnis f\u00fcr 30 Tage bekommt (ich bekam anstandslos 43 Tage). Wenn eine solche Aufenthaltserlaubnis ablaufen sollte, kann man sie in jeder Immigration-Office (Nuku`alofa, Pangai und Neiafu) auf bis zu 6 Monate verl\u00e4ngern lassen.<br \/>\n<\/span><\/p>\n","protected":false},"excerpt":{"rendered":"<p>Die Einreise gestaltet sich sehr unproblematisch solange man einen g\u00fcltigen Pa\u00df und ein Weiterflug-Ticket dabei hat. Die allgemeinen Bestimmungen besagen, da\u00df man dann eine Aufenthaltserlaubnis f\u00fcr 30 Tage bekommt (ich bekam anstandslos 43 Tage). Wenn eine solche Aufenthaltserlaubnis ablaufen sollte, kann man sie in jeder Immigration-Office (Nuku`alofa, Pangai und Neiafu) auf bis zu 6 Monate [&hellip;]<\/p>\n","protected":false},"author":1,"featured_media":0,"parent":12,"menu_order":8,"comment_status":"closed","ping_status":"closed","template":"","meta":{"footnotes":""},"class_list":["post-31","page","type-page","status-publish","hentry"],"_links":{"self":[{"href":"https:\/\/www.kingdom.de\/cms\/wp-json\/wp\/v2\/pages\/31","targetHints":{"allow":["GET"]}}],"collection":[{"href":"https:\/\/www.kingdom.de\/cms\/wp-json\/wp\/v2\/pages"}],"about":[{"href":"https:\/\/www.kingdom.de\/cms\/wp-json\/wp\/v2\/types\/page"}],"author":[{"embeddable":true,"href":"https:\/\/www.kingdom.de\/cms\/wp-json\/wp\/v2\/users\/1"}],"replies":[{"embeddable":true,"href":"https:\/\/www.kingdom.de\/cms\/wp-json\/wp\/v2\/comments?post=31"}],"version-history":[{"count":2,"href":"https:\/\/www.kingdom.de\/cms\/wp-json\/wp\/v2\/pages\/31\/revisions"}],"predecessor-version":[{"id":89,"href":"https:\/\/www.kingdom.de\/cms\/wp-json\/wp\/v2\/pages\/31\/revisions\/89"}],"up":[{"embeddable":true,"href":"https:\/\/www.kingdom.de\/cms\/wp-json\/wp\/v2\/pages\/12"}],"wp:attachment":[{"href":"https:\/\/www.kingdom.de\/cms\/wp-json\/wp\/v2\/media?parent=31"}],"curies":[{"name":"wp","href":"https:\/\/api.w.org\/{rel}","templated":true}]}}