{"id":29,"date":"2012-12-26T17:54:17","date_gmt":"2012-12-26T16:54:17","guid":{"rendered":"http:\/\/www.kingdom.de\/cms\/?page_id=29"},"modified":"2012-12-28T17:32:43","modified_gmt":"2012-12-28T16:32:43","slug":"zeit","status":"publish","type":"page","link":"https:\/\/www.kingdom.de\/cms\/home\/informationen\/zeit","title":{"rendered":"Zeit"},"content":{"rendered":"<p align=\"left\"><span style=\"color: #000000;\">Der K\u00f6nig denkt bei Tonga an &#8220;das Land in dem die Zeit beginnt&#8221;, denn Tonga (und die Behringstra\u00dfe in Ru\u00dfland) ist der erste Ort, an dem der neue Tag beginnt.<\/span><\/p>\n<p><span style=\"color: #000000;\">&#8220;Das Land in dem die Zeit beginnt&#8221; ist aber au\u00dferdem ein Ort, an dem alle Dinge erst am n\u00e4chsten Tag erledigt werden. &#8211; Was noch erstaunlicher ist: Noch nichteinmal die H\u00e4hne wissen, wann sie zu kr\u00e4hen haben !<\/span><br \/>\n<span style=\"color: #000000;\"> So ist &#8220;Tongan Time&#8221; auch ein Begriff f\u00fcr: &#8220;vielleicht irgendwann&#8221;, &#8220;komm sp\u00e4ter wieder&#8221; oder &#8220;nie&#8221;.<\/span><br \/>\n<span style=\"color: #000000;\"> Sogar in einer Touristen-Brosch\u00fcre steht: &#8220;Here time is almost irrelevant&#8221;<\/span><\/p>\n<p><span style=\"color: #000000;\">Aktuelle Zeit:<\/span><\/p>\n<table width=\"93%\" border=\"1\">\n<tbody>\n<tr>\n<td height=\"25\"><span style=\"color: #000000;\">12:00 auf Tonga entspricht<\/span><\/td>\n<td height=\"25\"><span style=\"color: #000000;\">23:00 London, voriger Tag !<\/span><\/td>\n<\/tr>\n<tr>\n<td><span style=\"color: #000000;\">\u00a0<\/span><\/td>\n<td><span style=\"color: #000000;\">15:00 Los Angeles, voriger Tag !<\/span><\/td>\n<\/tr>\n<tr>\n<td><span style=\"color: #000000;\">\u00a0<\/span><\/td>\n<td><span style=\"color: #000000;\">9:00 Sydney, gleicher Tag !<\/span><\/td>\n<\/tr>\n<tr>\n<td height=\"26\"><span style=\"color: #000000;\">\u00a0<\/span><\/td>\n<td height=\"26\"><span style=\"color: #000000;\">12:00 West-Samoa, voriger Tag !<\/span><\/td>\n<\/tr>\n<\/tbody>\n<\/table>\n","protected":false},"excerpt":{"rendered":"<p>Der K\u00f6nig denkt bei Tonga an &#8220;das Land in dem die Zeit beginnt&#8221;, denn Tonga (und die Behringstra\u00dfe in Ru\u00dfland) ist der erste Ort, an dem der neue Tag beginnt. &#8220;Das Land in dem die Zeit beginnt&#8221; ist aber au\u00dferdem ein Ort, an dem alle Dinge erst am n\u00e4chsten Tag erledigt werden. &#8211; Was noch [&hellip;]<\/p>\n","protected":false},"author":1,"featured_media":0,"parent":12,"menu_order":8,"comment_status":"closed","ping_status":"closed","template":"","meta":{"footnotes":""},"class_list":["post-29","page","type-page","status-publish","hentry"],"_links":{"self":[{"href":"https:\/\/www.kingdom.de\/cms\/wp-json\/wp\/v2\/pages\/29","targetHints":{"allow":["GET"]}}],"collection":[{"href":"https:\/\/www.kingdom.de\/cms\/wp-json\/wp\/v2\/pages"}],"about":[{"href":"https:\/\/www.kingdom.de\/cms\/wp-json\/wp\/v2\/types\/page"}],"author":[{"embeddable":true,"href":"https:\/\/www.kingdom.de\/cms\/wp-json\/wp\/v2\/users\/1"}],"replies":[{"embeddable":true,"href":"https:\/\/www.kingdom.de\/cms\/wp-json\/wp\/v2\/comments?post=29"}],"version-history":[{"count":2,"href":"https:\/\/www.kingdom.de\/cms\/wp-json\/wp\/v2\/pages\/29\/revisions"}],"predecessor-version":[{"id":90,"href":"https:\/\/www.kingdom.de\/cms\/wp-json\/wp\/v2\/pages\/29\/revisions\/90"}],"up":[{"embeddable":true,"href":"https:\/\/www.kingdom.de\/cms\/wp-json\/wp\/v2\/pages\/12"}],"wp:attachment":[{"href":"https:\/\/www.kingdom.de\/cms\/wp-json\/wp\/v2\/media?parent=29"}],"curies":[{"name":"wp","href":"https:\/\/api.w.org\/{rel}","templated":true}]}}