{"id":27,"date":"2012-12-26T17:53:17","date_gmt":"2012-12-26T16:53:17","guid":{"rendered":"http:\/\/www.kingdom.de\/cms\/?page_id=27"},"modified":"2012-12-28T17:29:53","modified_gmt":"2012-12-28T16:29:53","slug":"entfernungen","status":"publish","type":"page","link":"https:\/\/www.kingdom.de\/cms\/home\/informationen\/entfernungen","title":{"rendered":"Entfernungen"},"content":{"rendered":"<p><span style=\"color: #000000;\"> Man sollte sich zwei verschiedene Entfernungsma\u00dfst\u00e4be einpr\u00e4gen:<\/span><\/p>\n<p><span style=\"color: #000000;\">1. Die Riesenentfernungen au\u00dferhalb Tongas<\/span><\/p>\n<p><span style=\"color: #000000;\">2. Die kurzen Strecken innerhalb Tongas<\/span><\/p>\n<p><span style=\"color: #000000;\">Tonga liegt von allen gro\u00dfen Zentren dieser Welt SEHR weit weg. Auckland auf Neuseeland ist bei einer Entfernung von ca. 2000 Km die n\u00e4chste gro\u00dfe Stadt !<\/span><\/p>\n<p><span style=\"color: #000000;\">Auf Tonga selbst gelten jedoch eher d\u00f6rfliche Entfernungen: Die gro\u00dfe Hauptinsel Tongatapu kann man gut mit zwei Tagesradtouren erkunden (Merke: Es ist mit Abstand die gr\u00f6\u00dfte tongaische Insel !). Wenn man auf einer der kleinen Inseln landen sollte, sind diese meist in ein paar Stunden (zu fu\u00df !) zu umrunden. \u00a0<\/span><\/p>\n","protected":false},"excerpt":{"rendered":"<p>Man sollte sich zwei verschiedene Entfernungsma\u00dfst\u00e4be einpr\u00e4gen: 1. Die Riesenentfernungen au\u00dferhalb Tongas 2. Die kurzen Strecken innerhalb Tongas Tonga liegt von allen gro\u00dfen Zentren dieser Welt SEHR weit weg. Auckland auf Neuseeland ist bei einer Entfernung von ca. 2000 Km die n\u00e4chste gro\u00dfe Stadt ! Auf Tonga selbst gelten jedoch eher d\u00f6rfliche Entfernungen: Die gro\u00dfe [&hellip;]<\/p>\n","protected":false},"author":1,"featured_media":0,"parent":12,"menu_order":7,"comment_status":"closed","ping_status":"closed","template":"","meta":{"footnotes":""},"class_list":["post-27","page","type-page","status-publish","hentry"],"_links":{"self":[{"href":"https:\/\/www.kingdom.de\/cms\/wp-json\/wp\/v2\/pages\/27","targetHints":{"allow":["GET"]}}],"collection":[{"href":"https:\/\/www.kingdom.de\/cms\/wp-json\/wp\/v2\/pages"}],"about":[{"href":"https:\/\/www.kingdom.de\/cms\/wp-json\/wp\/v2\/types\/page"}],"author":[{"embeddable":true,"href":"https:\/\/www.kingdom.de\/cms\/wp-json\/wp\/v2\/users\/1"}],"replies":[{"embeddable":true,"href":"https:\/\/www.kingdom.de\/cms\/wp-json\/wp\/v2\/comments?post=27"}],"version-history":[{"count":2,"href":"https:\/\/www.kingdom.de\/cms\/wp-json\/wp\/v2\/pages\/27\/revisions"}],"predecessor-version":[{"id":88,"href":"https:\/\/www.kingdom.de\/cms\/wp-json\/wp\/v2\/pages\/27\/revisions\/88"}],"up":[{"embeddable":true,"href":"https:\/\/www.kingdom.de\/cms\/wp-json\/wp\/v2\/pages\/12"}],"wp:attachment":[{"href":"https:\/\/www.kingdom.de\/cms\/wp-json\/wp\/v2\/media?parent=27"}],"curies":[{"name":"wp","href":"https:\/\/api.w.org\/{rel}","templated":true}]}}