{"id":19,"date":"2012-12-26T17:47:41","date_gmt":"2012-12-26T16:47:41","guid":{"rendered":"http:\/\/www.kingdom.de\/cms\/?page_id=19"},"modified":"2012-12-28T17:52:49","modified_gmt":"2012-12-28T16:52:49","slug":"flora-und-fauna","status":"publish","type":"page","link":"https:\/\/www.kingdom.de\/cms\/home\/informationen\/flora-und-fauna","title":{"rendered":"Flora und Fauna"},"content":{"rendered":"<p><span style=\"color: black;\">Tonga ist nicht speziell f\u00fcr seine Flora und Fauna bekannt, jedoch hat das K\u00f6nigreich als erster Staat im S\u00fcdpazifik Nationalparks eingerichtet. Dieser Schutz gilt vor allem f\u00fcr die vielen Korallenriffen n\u00f6rdlich der Hauptinsel Tongatapu.<br \/>\nVor allem die \u00fcber 100 Arten tropischer Fische machen das Schnorcheln in Tonga zum au\u00dferordentlichen Vergn\u00fcgen. Au\u00dferdem kann man im Winter Wale teilweise direkt vom Strand aus beobachten.<br \/>\nInteressant sind neben den Meerestieren nur noch einige Papageienarten (nur auf den Niuas) und die fliegenden F\u00fcchse auf Tongatapu. <\/span><\/p>\n","protected":false},"excerpt":{"rendered":"<p>Tonga ist nicht speziell f\u00fcr seine Flora und Fauna bekannt, jedoch hat das K\u00f6nigreich als erster Staat im S\u00fcdpazifik Nationalparks eingerichtet. Dieser Schutz gilt vor allem f\u00fcr die vielen Korallenriffen n\u00f6rdlich der Hauptinsel Tongatapu. Vor allem die \u00fcber 100 Arten tropischer Fische machen das Schnorcheln in Tonga zum au\u00dferordentlichen Vergn\u00fcgen. Au\u00dferdem kann man im Winter [&hellip;]<\/p>\n","protected":false},"author":1,"featured_media":0,"parent":12,"menu_order":2,"comment_status":"closed","ping_status":"closed","template":"","meta":{"footnotes":""},"class_list":["post-19","page","type-page","status-publish","hentry"],"_links":{"self":[{"href":"https:\/\/www.kingdom.de\/cms\/wp-json\/wp\/v2\/pages\/19","targetHints":{"allow":["GET"]}}],"collection":[{"href":"https:\/\/www.kingdom.de\/cms\/wp-json\/wp\/v2\/pages"}],"about":[{"href":"https:\/\/www.kingdom.de\/cms\/wp-json\/wp\/v2\/types\/page"}],"author":[{"embeddable":true,"href":"https:\/\/www.kingdom.de\/cms\/wp-json\/wp\/v2\/users\/1"}],"replies":[{"embeddable":true,"href":"https:\/\/www.kingdom.de\/cms\/wp-json\/wp\/v2\/comments?post=19"}],"version-history":[{"count":4,"href":"https:\/\/www.kingdom.de\/cms\/wp-json\/wp\/v2\/pages\/19\/revisions"}],"predecessor-version":[{"id":92,"href":"https:\/\/www.kingdom.de\/cms\/wp-json\/wp\/v2\/pages\/19\/revisions\/92"}],"up":[{"embeddable":true,"href":"https:\/\/www.kingdom.de\/cms\/wp-json\/wp\/v2\/pages\/12"}],"wp:attachment":[{"href":"https:\/\/www.kingdom.de\/cms\/wp-json\/wp\/v2\/media?parent=19"}],"curies":[{"name":"wp","href":"https:\/\/api.w.org\/{rel}","templated":true}]}}