{"id":15,"date":"2012-12-26T17:45:26","date_gmt":"2012-12-26T16:45:26","guid":{"rendered":"http:\/\/www.kingdom.de\/cms\/?page_id=15"},"modified":"2018-05-27T10:38:43","modified_gmt":"2018-05-27T09:38:43","slug":"wo-liegt-tonga","status":"publish","type":"page","link":"https:\/\/www.kingdom.de\/cms\/home\/informationen\/wo-liegt-tonga","title":{"rendered":"Wo liegt Tonga ?"},"content":{"rendered":"<p><span style=\"color: #000000; font-size: medium;\"><b>Tonga auf der Erdkugel<\/b><\/span><\/p>\n<p><img loading=\"lazy\" decoding=\"async\" style=\"margin: 5px;\" alt=\"S\u00fcdpazifik\" src=\"https:\/\/kingdom.de\/map2.gif\" width=\"260\" height=\"160\" align=\"LEFT\" \/><\/p>\n<p><span style=\"color: black;\"> Tonga liegt zun\u00e4chst einmal auf der s\u00fcdlichen Erdhalbkugel. [Die genaue Lage: 21 Grad 8 Minuten s\u00fcdlicher Breite, 175 Grad 13 Minuten westlicher L\u00e4nge.]<br \/>\nDadurch h\u00e4lt zum Beispiel der Winter am 21.6. Einzug. <\/span><\/p>\n<p><span style=\"color: black;\">Das K\u00f6nigreich liegt weit entfernt von allen westlichen Zentren:<br \/>\nDie n\u00e4chste gr\u00f6\u00dfere Stadt ist Auckland in Neuseeland &#8211; Auckland liegt 2000 KM s\u00fcdlich von Tonga [dies entspricht etwa dem Luftweg Hamburg &#8211; Athen]&#8230;<br \/>\nTonga liegt relativ zentral im S\u00fcdpazifik: Nach Los Angeles sind es 8700 KM, nach Tokyo ca. 8000 KM. Selbst Sydney liegt \u00fcber 3500 KM s\u00fcdwestlich vom K\u00f6nigreich. <\/span><\/p>\n","protected":false},"excerpt":{"rendered":"<p>Tonga auf der Erdkugel Tonga liegt zun\u00e4chst einmal auf der s\u00fcdlichen Erdhalbkugel. [Die genaue Lage: 21 Grad 8 Minuten s\u00fcdlicher Breite, 175 Grad 13 Minuten westlicher L\u00e4nge.] Dadurch h\u00e4lt zum Beispiel der Winter am 21.6. Einzug. Das K\u00f6nigreich liegt weit entfernt von allen westlichen Zentren: Die n\u00e4chste gr\u00f6\u00dfere Stadt ist Auckland in Neuseeland &#8211; Auckland [&hellip;]<\/p>\n","protected":false},"author":1,"featured_media":0,"parent":12,"menu_order":0,"comment_status":"closed","ping_status":"closed","template":"","meta":{"footnotes":""},"class_list":["post-15","page","type-page","status-publish","hentry"],"_links":{"self":[{"href":"https:\/\/www.kingdom.de\/cms\/wp-json\/wp\/v2\/pages\/15","targetHints":{"allow":["GET"]}}],"collection":[{"href":"https:\/\/www.kingdom.de\/cms\/wp-json\/wp\/v2\/pages"}],"about":[{"href":"https:\/\/www.kingdom.de\/cms\/wp-json\/wp\/v2\/types\/page"}],"author":[{"embeddable":true,"href":"https:\/\/www.kingdom.de\/cms\/wp-json\/wp\/v2\/users\/1"}],"replies":[{"embeddable":true,"href":"https:\/\/www.kingdom.de\/cms\/wp-json\/wp\/v2\/comments?post=15"}],"version-history":[{"count":8,"href":"https:\/\/www.kingdom.de\/cms\/wp-json\/wp\/v2\/pages\/15\/revisions"}],"predecessor-version":[{"id":163,"href":"https:\/\/www.kingdom.de\/cms\/wp-json\/wp\/v2\/pages\/15\/revisions\/163"}],"up":[{"embeddable":true,"href":"https:\/\/www.kingdom.de\/cms\/wp-json\/wp\/v2\/pages\/12"}],"wp:attachment":[{"href":"https:\/\/www.kingdom.de\/cms\/wp-json\/wp\/v2\/media?parent=15"}],"curies":[{"name":"wp","href":"https:\/\/api.w.org\/{rel}","templated":true}]}}